{"id":1185,"date":"2016-03-18T06:13:33","date_gmt":"2016-03-18T06:13:33","guid":{"rendered":"http:\/\/demos.famethemes.com\/onepress\/my-account\/"},"modified":"2017-03-30T14:08:18","modified_gmt":"2017-03-30T14:08:18","slug":"lajudiadetoledo","status":"publish","type":"page","link":"https:\/\/dojoproducciones.com\/?page_id=1185","title":{"rendered":"La Jud\u00eda de Toledo"},"content":{"rendered":"<p><em>En el interior de su castillo, el rey Alfonso mantiene una lucha interior entre su amor por Castilla y el amor de su joven amante. Mientras, la soledad de una capilla es testigo de esa lucha, una trama ajena provocar\u00e1 un cruel desenlace.<\/em><\/p>\n<p>La jud\u00eda de Toledo es un cortometraje medieval escrito y dirigido por <strong>Dorian Sanz<\/strong>, en verso y ambientado en el <strong>siglo XII<\/strong>&nbsp;cuenta una de las leyendas m\u00e1s famosas del <strong>rey Alfonso VIII<\/strong>.&nbsp; Todas las escenas se han recreado lcon el mayor rigor hist\u00f3rico posible tanto en cuanto a vestuario como la interpretaci\u00f3n de los actores.<\/p>\n<div id='gallery-1' class='gallery galleryid-1185 gallery-columns-8 gallery-size-thumbnail'><figure class='gallery-item'>\n\t\t\t<div class='gallery-icon landscape'>\n\t\t\t\t<img loading=\"lazy\" decoding=\"async\" width=\"150\" height=\"150\" src=\"https:\/\/dojoproducciones.com\/wp-content\/uploads\/2016\/03\/IMG_5321-150x150.jpg\" class=\"attachment-thumbnail size-thumbnail\" alt=\"\" \/>\n\t\t\t<\/div><\/figure><figure class='gallery-item'>\n\t\t\t<div class='gallery-icon portrait'>\n\t\t\t\t<img loading=\"lazy\" decoding=\"async\" width=\"150\" height=\"150\" src=\"https:\/\/dojoproducciones.com\/wp-content\/uploads\/2016\/03\/IMG_5149-150x150.jpg\" class=\"attachment-thumbnail size-thumbnail\" alt=\"\" \/>\n\t\t\t<\/div><\/figure><figure class='gallery-item'>\n\t\t\t<div class='gallery-icon portrait'>\n\t\t\t\t<img loading=\"lazy\" decoding=\"async\" width=\"150\" height=\"150\" src=\"https:\/\/dojoproducciones.com\/wp-content\/uploads\/2016\/03\/IMG_5277-150x150.jpg\" class=\"attachment-thumbnail size-thumbnail\" alt=\"\" \/>\n\t\t\t<\/div><\/figure><figure class='gallery-item'>\n\t\t\t<div class='gallery-icon landscape'>\n\t\t\t\t<img loading=\"lazy\" decoding=\"async\" width=\"150\" height=\"150\" src=\"https:\/\/dojoproducciones.com\/wp-content\/uploads\/2016\/03\/RAQUEL_01-150x150.jpg\" class=\"attachment-thumbnail size-thumbnail\" alt=\"\" \/>\n\t\t\t<\/div><\/figure><figure class='gallery-item'>\n\t\t\t<div class='gallery-icon landscape'>\n\t\t\t\t<img loading=\"lazy\" decoding=\"async\" width=\"150\" height=\"150\" src=\"https:\/\/dojoproducciones.com\/wp-content\/uploads\/2016\/03\/IMG_5300-150x150.jpg\" class=\"attachment-thumbnail size-thumbnail\" alt=\"\" \/>\n\t\t\t<\/div><\/figure><figure class='gallery-item'>\n\t\t\t<div class='gallery-icon landscape'>\n\t\t\t\t<img loading=\"lazy\" decoding=\"async\" width=\"150\" height=\"150\" src=\"https:\/\/dojoproducciones.com\/wp-content\/uploads\/2016\/03\/IMG_5383-150x150.jpg\" class=\"attachment-thumbnail size-thumbnail\" alt=\"\" \/>\n\t\t\t<\/div><\/figure><figure class='gallery-item'>\n\t\t\t<div class='gallery-icon landscape'>\n\t\t\t\t<img loading=\"lazy\" decoding=\"async\" width=\"150\" height=\"150\" src=\"https:\/\/dojoproducciones.com\/wp-content\/uploads\/2016\/03\/IMG_5078-150x150.jpg\" class=\"attachment-thumbnail size-thumbnail\" alt=\"\" \/>\n\t\t\t<\/div><\/figure><figure class='gallery-item'>\n\t\t\t<div class='gallery-icon landscape'>\n\t\t\t\t<img loading=\"lazy\" decoding=\"async\" width=\"150\" height=\"150\" src=\"https:\/\/dojoproducciones.com\/wp-content\/uploads\/2016\/03\/IMG_5083-150x150.jpg\" class=\"attachment-thumbnail size-thumbnail\" alt=\"\" \/>\n\t\t\t<\/div><\/figure><figure class='gallery-item'>\n\t\t\t<div class='gallery-icon landscape'>\n\t\t\t\t<img loading=\"lazy\" decoding=\"async\" width=\"150\" height=\"150\" src=\"https:\/\/dojoproducciones.com\/wp-content\/uploads\/2016\/03\/IMG_5092-150x150.jpg\" class=\"attachment-thumbnail size-thumbnail\" alt=\"\" \/>\n\t\t\t<\/div><\/figure><figure class='gallery-item'>\n\t\t\t<div class='gallery-icon landscape'>\n\t\t\t\t<img loading=\"lazy\" decoding=\"async\" width=\"150\" height=\"150\" src=\"https:\/\/dojoproducciones.com\/wp-content\/uploads\/2016\/03\/IMG_5293-150x150.jpg\" class=\"attachment-thumbnail size-thumbnail\" alt=\"\" \/>\n\t\t\t<\/div><\/figure><figure class='gallery-item'>\n\t\t\t<div class='gallery-icon landscape'>\n\t\t\t\t<img loading=\"lazy\" decoding=\"async\" width=\"150\" height=\"150\" src=\"https:\/\/dojoproducciones.com\/wp-content\/uploads\/2016\/03\/IMG_5296-150x150.jpg\" class=\"attachment-thumbnail size-thumbnail\" alt=\"\" \/>\n\t\t\t<\/div><\/figure><figure class='gallery-item'>\n\t\t\t<div class='gallery-icon portrait'>\n\t\t\t\t<img loading=\"lazy\" decoding=\"async\" width=\"150\" height=\"150\" src=\"https:\/\/dojoproducciones.com\/wp-content\/uploads\/2016\/03\/IMG_5317-150x150.jpg\" class=\"attachment-thumbnail size-thumbnail\" alt=\"\" \/>\n\t\t\t<\/div><\/figure><figure class='gallery-item'>\n\t\t\t<div class='gallery-icon landscape'>\n\t\t\t\t<img loading=\"lazy\" decoding=\"async\" width=\"150\" height=\"150\" src=\"https:\/\/dojoproducciones.com\/wp-content\/uploads\/2016\/03\/IMG_5372-150x150.jpg\" class=\"attachment-thumbnail size-thumbnail\" alt=\"\" \/>\n\t\t\t<\/div><\/figure><figure class='gallery-item'>\n\t\t\t<div class='gallery-icon landscape'>\n\t\t\t\t<img loading=\"lazy\" decoding=\"async\" width=\"150\" height=\"150\" src=\"https:\/\/dojoproducciones.com\/wp-content\/uploads\/2016\/03\/IMG_5051-150x150.jpg\" class=\"attachment-thumbnail size-thumbnail\" alt=\"\" \/>\n\t\t\t<\/div><\/figure><figure class='gallery-item'>\n\t\t\t<div class='gallery-icon landscape'>\n\t\t\t\t<img loading=\"lazy\" decoding=\"async\" width=\"150\" height=\"150\" src=\"https:\/\/dojoproducciones.com\/wp-content\/uploads\/2016\/03\/IMG_5412-150x150.jpg\" class=\"attachment-thumbnail size-thumbnail\" alt=\"\" \/>\n\t\t\t<\/div><\/figure><figure class='gallery-item'>\n\t\t\t<div class='gallery-icon portrait'>\n\t\t\t\t<img loading=\"lazy\" decoding=\"async\" width=\"150\" height=\"150\" src=\"https:\/\/dojoproducciones.com\/wp-content\/uploads\/2016\/03\/IMG_5442-150x150.jpg\" class=\"attachment-thumbnail size-thumbnail\" alt=\"\" \/>\n\t\t\t<\/div><\/figure>\n\t\t<\/div>\n\n<p>Historia o leyenda, el tema ha sido abordado desde la \u00f3ptica del Siglo de Oro, contra los ilustrados Borbones y tambi\u00e9n por la medievalista del posromanticismo alem\u00e1n. Poemas, obras teatrales, novelas y, ahora Cine, este cortometraje, cuenta una nueva adaptaci\u00f3n de <em><strong>La jud\u00eda de Toledo<\/strong>.<\/em><\/p>\n<p>Este cortometraje ha sido producido por la productora de cine y televisi\u00f3n <strong>Dojo Producciones<\/strong>, con la colaboraci\u00f3n del grupo de recreaci\u00f3n hist\u00f3rica <strong>CONCA<\/strong>. En \u00e9l han participado alrededor de 40 personas, entre t\u00e9cnicos y actores, para dar vida a la obra.<\/p>\n<p><iframe loading=\"lazy\" title=\"Nos metemos en el rodaje de &quot;La jud\u00eda de Toledo&quot;\" width=\"800\" height=\"450\" src=\"https:\/\/www.youtube.com\/embed\/xiN4q7seqSM?feature=oembed\" frameborder=\"0\" allow=\"accelerometer; autoplay; clipboard-write; encrypted-media; gyroscope; picture-in-picture\" allowfullscreen><\/iframe><\/p>\n","protected":false},"excerpt":{"rendered":"<p>En el interior de su castillo, el rey Alfonso mantiene una lucha interior entre su amor por Castilla y el amor de su joven amante. Mientras, la soledad de una &#8230;<\/p>\n","protected":false},"author":1,"featured_media":0,"parent":0,"menu_order":0,"comment_status":"closed","ping_status":"closed","template":"template-fullwidth.php","meta":{"ngg_post_thumbnail":0,"footnotes":""},"class_list":["post-1185","page","type-page","status-publish","hentry"],"_links":{"self":[{"href":"https:\/\/dojoproducciones.com\/index.php?rest_route=\/wp\/v2\/pages\/1185","targetHints":{"allow":["GET"]}}],"collection":[{"href":"https:\/\/dojoproducciones.com\/index.php?rest_route=\/wp\/v2\/pages"}],"about":[{"href":"https:\/\/dojoproducciones.com\/index.php?rest_route=\/wp\/v2\/types\/page"}],"author":[{"embeddable":true,"href":"https:\/\/dojoproducciones.com\/index.php?rest_route=\/wp\/v2\/users\/1"}],"replies":[{"embeddable":true,"href":"https:\/\/dojoproducciones.com\/index.php?rest_route=%2Fwp%2Fv2%2Fcomments&post=1185"}],"version-history":[{"count":16,"href":"https:\/\/dojoproducciones.com\/index.php?rest_route=\/wp\/v2\/pages\/1185\/revisions"}],"predecessor-version":[{"id":1804,"href":"https:\/\/dojoproducciones.com\/index.php?rest_route=\/wp\/v2\/pages\/1185\/revisions\/1804"}],"wp:attachment":[{"href":"https:\/\/dojoproducciones.com\/index.php?rest_route=%2Fwp%2Fv2%2Fmedia&parent=1185"}],"curies":[{"name":"wp","href":"https:\/\/api.w.org\/{rel}","templated":true}]}}