{"id":1707,"date":"2017-02-13T20:34:36","date_gmt":"2017-02-13T20:34:36","guid":{"rendered":"http:\/\/dojoproducciones.com\/?page_id=1707"},"modified":"2017-02-14T20:11:24","modified_gmt":"2017-02-14T20:11:24","slug":"tantalus","status":"publish","type":"page","link":"https:\/\/dojoproducciones.com\/?page_id=1707","title":{"rendered":"Tantalus"},"content":{"rendered":"<p style=\"text-align: left;\">&nbsp;<\/p>\n<p style=\"text-align: center;\">Disfruta de la serie <strong>Tantalus<\/strong> en <a href=\"http:\/\/www.antena3.com\/elsotano\/tantalus\/\"><strong>Atresplayer<\/strong><\/a>&nbsp;<\/p>\n<p style=\"text-align: center;\">&nbsp;<\/p>\n<p style=\"text-align: center;\"><a href=\"http:\/\/www.antena3.com\/elsotano\/tantalus\/\"><img loading=\"lazy\" decoding=\"async\" class=\"wp-image-1709 aligncenter\" src=\"https:\/\/dojoproducciones.com\/wp-content\/uploads\/2017\/02\/A3_logo-300x285.png\" alt=\"\" width=\"86\" height=\"82\" srcset=\"https:\/\/dojoproducciones.com\/wp-content\/uploads\/2017\/02\/A3_logo-300x285.png 300w, https:\/\/dojoproducciones.com\/wp-content\/uploads\/2017\/02\/A3_logo-768x730.png 768w, https:\/\/dojoproducciones.com\/wp-content\/uploads\/2017\/02\/A3_logo.png 800w\" sizes=\"auto, (max-width: 86px) 100vw, 86px\" \/><\/a>&nbsp;&nbsp;<\/p>\n<div id='gallery-1' class='gallery galleryid-1707 gallery-columns-5 gallery-size-thumbnail'><figure class='gallery-item'>\n\t\t\t<div class='gallery-icon landscape'>\n\t\t\t\t<img loading=\"lazy\" decoding=\"async\" width=\"150\" height=\"150\" src=\"https:\/\/dojoproducciones.com\/wp-content\/uploads\/2017\/02\/1-150x150.jpg\" class=\"attachment-thumbnail size-thumbnail\" alt=\"\" \/>\n\t\t\t<\/div><\/figure><figure class='gallery-item'>\n\t\t\t<div class='gallery-icon landscape'>\n\t\t\t\t<img loading=\"lazy\" decoding=\"async\" width=\"150\" height=\"150\" src=\"https:\/\/dojoproducciones.com\/wp-content\/uploads\/2017\/02\/2-150x150.jpg\" class=\"attachment-thumbnail size-thumbnail\" alt=\"\" \/>\n\t\t\t<\/div><\/figure><figure class='gallery-item'>\n\t\t\t<div class='gallery-icon landscape'>\n\t\t\t\t<img loading=\"lazy\" decoding=\"async\" width=\"150\" height=\"150\" src=\"https:\/\/dojoproducciones.com\/wp-content\/uploads\/2017\/02\/3-150x150.jpg\" class=\"attachment-thumbnail size-thumbnail\" alt=\"\" \/>\n\t\t\t<\/div><\/figure><figure class='gallery-item'>\n\t\t\t<div class='gallery-icon landscape'>\n\t\t\t\t<img loading=\"lazy\" decoding=\"async\" width=\"150\" height=\"150\" src=\"https:\/\/dojoproducciones.com\/wp-content\/uploads\/2017\/02\/4-150x150.jpg\" class=\"attachment-thumbnail size-thumbnail\" alt=\"\" \/>\n\t\t\t<\/div><\/figure><figure class='gallery-item'>\n\t\t\t<div class='gallery-icon landscape'>\n\t\t\t\t<img loading=\"lazy\" decoding=\"async\" width=\"150\" height=\"150\" src=\"https:\/\/dojoproducciones.com\/wp-content\/uploads\/2017\/02\/5-150x150.jpg\" class=\"attachment-thumbnail size-thumbnail\" alt=\"\" \/>\n\t\t\t<\/div><\/figure><figure class='gallery-item'>\n\t\t\t<div class='gallery-icon landscape'>\n\t\t\t\t<img loading=\"lazy\" decoding=\"async\" width=\"150\" height=\"150\" src=\"https:\/\/dojoproducciones.com\/wp-content\/uploads\/2017\/02\/6-150x150.jpg\" class=\"attachment-thumbnail size-thumbnail\" alt=\"\" \/>\n\t\t\t<\/div><\/figure><figure class='gallery-item'>\n\t\t\t<div class='gallery-icon landscape'>\n\t\t\t\t<img loading=\"lazy\" decoding=\"async\" width=\"150\" height=\"150\" src=\"https:\/\/dojoproducciones.com\/wp-content\/uploads\/2017\/02\/7-150x150.jpg\" class=\"attachment-thumbnail size-thumbnail\" alt=\"\" \/>\n\t\t\t<\/div><\/figure><figure class='gallery-item'>\n\t\t\t<div class='gallery-icon landscape'>\n\t\t\t\t<img loading=\"lazy\" decoding=\"async\" width=\"150\" height=\"150\" src=\"https:\/\/dojoproducciones.com\/wp-content\/uploads\/2017\/02\/8-150x150.jpg\" class=\"attachment-thumbnail size-thumbnail\" alt=\"\" \/>\n\t\t\t<\/div><\/figure><figure class='gallery-item'>\n\t\t\t<div class='gallery-icon landscape'>\n\t\t\t\t<img loading=\"lazy\" decoding=\"async\" width=\"150\" height=\"150\" src=\"https:\/\/dojoproducciones.com\/wp-content\/uploads\/2017\/02\/9-150x150.jpg\" class=\"attachment-thumbnail size-thumbnail\" alt=\"\" \/>\n\t\t\t<\/div><\/figure><figure class='gallery-item'>\n\t\t\t<div class='gallery-icon landscape'>\n\t\t\t\t<img loading=\"lazy\" decoding=\"async\" width=\"150\" height=\"150\" src=\"https:\/\/dojoproducciones.com\/wp-content\/uploads\/2017\/02\/10-150x150.jpg\" class=\"attachment-thumbnail size-thumbnail\" alt=\"\" \/>\n\t\t\t<\/div><\/figure><figure class='gallery-item'>\n\t\t\t<div class='gallery-icon landscape'>\n\t\t\t\t<img loading=\"lazy\" decoding=\"async\" width=\"150\" height=\"150\" src=\"https:\/\/dojoproducciones.com\/wp-content\/uploads\/2017\/02\/11-150x150.jpg\" class=\"attachment-thumbnail size-thumbnail\" alt=\"\" \/>\n\t\t\t<\/div><\/figure><figure class='gallery-item'>\n\t\t\t<div class='gallery-icon landscape'>\n\t\t\t\t<img loading=\"lazy\" decoding=\"async\" width=\"150\" height=\"150\" src=\"https:\/\/dojoproducciones.com\/wp-content\/uploads\/2017\/02\/12-150x150.jpg\" class=\"attachment-thumbnail size-thumbnail\" alt=\"\" \/>\n\t\t\t<\/div><\/figure><figure class='gallery-item'>\n\t\t\t<div class='gallery-icon landscape'>\n\t\t\t\t<img loading=\"lazy\" decoding=\"async\" width=\"150\" height=\"150\" src=\"https:\/\/dojoproducciones.com\/wp-content\/uploads\/2017\/02\/13-150x150.jpg\" class=\"attachment-thumbnail size-thumbnail\" alt=\"\" \/>\n\t\t\t<\/div><\/figure><figure class='gallery-item'>\n\t\t\t<div class='gallery-icon landscape'>\n\t\t\t\t<img loading=\"lazy\" decoding=\"async\" width=\"150\" height=\"150\" src=\"https:\/\/dojoproducciones.com\/wp-content\/uploads\/2017\/02\/14-150x150.jpg\" class=\"attachment-thumbnail size-thumbnail\" alt=\"\" \/>\n\t\t\t<\/div><\/figure><figure class='gallery-item'>\n\t\t\t<div class='gallery-icon landscape'>\n\t\t\t\t<img loading=\"lazy\" decoding=\"async\" width=\"150\" height=\"150\" src=\"https:\/\/dojoproducciones.com\/wp-content\/uploads\/2017\/02\/15-150x150.jpg\" class=\"attachment-thumbnail size-thumbnail\" alt=\"\" \/>\n\t\t\t<\/div><\/figure><figure class='gallery-item'>\n\t\t\t<div class='gallery-icon landscape'>\n\t\t\t\t<img loading=\"lazy\" decoding=\"async\" width=\"150\" height=\"150\" src=\"https:\/\/dojoproducciones.com\/wp-content\/uploads\/2017\/02\/16-150x150.jpg\" class=\"attachment-thumbnail size-thumbnail\" alt=\"\" \/>\n\t\t\t<\/div><\/figure><figure class='gallery-item'>\n\t\t\t<div class='gallery-icon landscape'>\n\t\t\t\t<img loading=\"lazy\" decoding=\"async\" width=\"150\" height=\"150\" src=\"https:\/\/dojoproducciones.com\/wp-content\/uploads\/2017\/02\/17-150x150.jpg\" class=\"attachment-thumbnail size-thumbnail\" alt=\"\" \/>\n\t\t\t<\/div><\/figure><figure class='gallery-item'>\n\t\t\t<div class='gallery-icon landscape'>\n\t\t\t\t<img loading=\"lazy\" decoding=\"async\" width=\"150\" height=\"150\" src=\"https:\/\/dojoproducciones.com\/wp-content\/uploads\/2017\/02\/18-150x150.jpg\" class=\"attachment-thumbnail size-thumbnail\" alt=\"\" \/>\n\t\t\t<\/div><\/figure><figure class='gallery-item'>\n\t\t\t<div class='gallery-icon landscape'>\n\t\t\t\t<img loading=\"lazy\" decoding=\"async\" width=\"150\" height=\"150\" src=\"https:\/\/dojoproducciones.com\/wp-content\/uploads\/2017\/02\/19-150x150.jpg\" class=\"attachment-thumbnail size-thumbnail\" alt=\"\" \/>\n\t\t\t<\/div><\/figure><figure class='gallery-item'>\n\t\t\t<div class='gallery-icon landscape'>\n\t\t\t\t<img loading=\"lazy\" decoding=\"async\" width=\"150\" height=\"150\" src=\"https:\/\/dojoproducciones.com\/wp-content\/uploads\/2017\/02\/20-150x150.jpg\" class=\"attachment-thumbnail size-thumbnail\" alt=\"\" \/>\n\t\t\t<\/div><\/figure>\n\t\t<\/div>\n\n<p style=\"text-align: center;\"><em>En un futuro cercano, en un mundo arrasado por los conflictos y la crisis, la civilizaci\u00f3n ha colapsado. La ambici\u00f3n desmesurada del hombre por el progreso llev\u00f3 al consumo masivo de un nuevo medicamento: el Ichor o \u00abdroga de la felicidad\u00bb. Creado por una gran corporaci\u00f3n farmac\u00e9utica llamada Tantalus, fue consumido durante el pasado por la mayor parte de la poblaci\u00f3n, generando una fuerte dependencia entre ellos. Pero por razones desconocidas, el Ichor cesa su producci\u00f3n, causando una gran guerra a nivel mundial que destruir\u00e1 todo aquello que muchos amaban.<\/em><\/p>\n<p style=\"text-align: center;\"><a href=\"https:\/\/www.facebook.com\/TantalusSerieWeb\/\"><img loading=\"lazy\" decoding=\"async\" class=\"alignnone wp-image-1770\" src=\"https:\/\/dojoproducciones.com\/wp-content\/uploads\/2017\/02\/logo-tantalus-300x300.png\" alt=\"\" width=\"81\" height=\"81\" srcset=\"https:\/\/dojoproducciones.com\/wp-content\/uploads\/2017\/02\/logo-tantalus-300x300.png 300w, https:\/\/dojoproducciones.com\/wp-content\/uploads\/2017\/02\/logo-tantalus-150x150.png 150w, https:\/\/dojoproducciones.com\/wp-content\/uploads\/2017\/02\/logo-tantalus.png 512w\" sizes=\"auto, (max-width: 81px) 100vw, 81px\" \/><\/a><\/p>\n","protected":false},"excerpt":{"rendered":"<p>&nbsp; Disfruta de la serie Tantalus en Atresplayer&nbsp; &nbsp; &nbsp;&nbsp; En un futuro cercano, en un mundo arrasado por los conflictos y la crisis, la civilizaci\u00f3n ha colapsado. La ambici\u00f3n &#8230;<\/p>\n","protected":false},"author":1,"featured_media":0,"parent":0,"menu_order":0,"comment_status":"closed","ping_status":"closed","template":"","meta":{"ngg_post_thumbnail":0,"footnotes":""},"class_list":["post-1707","page","type-page","status-publish","hentry"],"_links":{"self":[{"href":"https:\/\/dojoproducciones.com\/index.php?rest_route=\/wp\/v2\/pages\/1707","targetHints":{"allow":["GET"]}}],"collection":[{"href":"https:\/\/dojoproducciones.com\/index.php?rest_route=\/wp\/v2\/pages"}],"about":[{"href":"https:\/\/dojoproducciones.com\/index.php?rest_route=\/wp\/v2\/types\/page"}],"author":[{"embeddable":true,"href":"https:\/\/dojoproducciones.com\/index.php?rest_route=\/wp\/v2\/users\/1"}],"replies":[{"embeddable":true,"href":"https:\/\/dojoproducciones.com\/index.php?rest_route=%2Fwp%2Fv2%2Fcomments&post=1707"}],"version-history":[{"count":20,"href":"https:\/\/dojoproducciones.com\/index.php?rest_route=\/wp\/v2\/pages\/1707\/revisions"}],"predecessor-version":[{"id":1773,"href":"https:\/\/dojoproducciones.com\/index.php?rest_route=\/wp\/v2\/pages\/1707\/revisions\/1773"}],"wp:attachment":[{"href":"https:\/\/dojoproducciones.com\/index.php?rest_route=%2Fwp%2Fv2%2Fmedia&parent=1707"}],"curies":[{"name":"wp","href":"https:\/\/api.w.org\/{rel}","templated":true}]}}